{"id":36820,"date":"2026-02-07T18:43:45","date_gmt":"2026-02-07T18:43:45","guid":{"rendered":"https:\/\/newdentalcaremiami.com\/?page_id=36820"},"modified":"2026-02-07T18:43:46","modified_gmt":"2026-02-07T18:43:46","slug":"accessibility-statement","status":"publish","type":"page","link":"https:\/\/newdentalcaremiami.com\/en\/accessibility-statement\/","title":{"rendered":"New Dental Care Accessibility Statement"},"content":{"rendered":"<h3 class=\"wp-block-heading\" id=\"h-nuestro-compromiso\"><strong>Our Commitment<\/strong><\/h3>\n\n\n\n<p>In&nbsp;<strong>New Dental Care<\/strong>, We strive to ensure our services are accessible to everyone, including those with disabilities. We have invested resources to make our website more user-friendly and accessible, firmly believing that everyone has the right to live with dignity, equality, and comfort.<\/p>\n\n\n\n<h3 class=\"wp-block-heading\" id=\"h-accesibilidad-en-nuestro-sitio-web\"><strong>Accessibility on our website<\/strong><\/h3>\n\n\n\n<p>The website&nbsp;<strong><a target=\"_blank\" rel=\"noreferrer noopener\" href=\"https:\/\/www.google.com\/search?q=https:\/\/newdentalcaremiami.com\">newdentalcaremiami.com<\/a><\/strong>&nbsp;works to improve compliance with&nbsp;<strong>Web Content Accessibility Guidelines (WCAG 2.1)<\/strong>. Our team regularly reviews and optimizes the website to remove digital barriers and improve the browsing experience for all our patients in Miami.<\/p>\n\n\n\n<h3 class=\"wp-block-heading\" id=\"h-medidas-tomadas\"><strong>Measures taken<\/strong><\/h3>\n\n\n\n<p>As part of our commitment, we work on the following aspects:<\/p>\n\n\n\n<ul class=\"wp-block-list\">\n<li><strong>Screen reader compatibility:<\/strong>\u00a0Optimization of image tags and descriptions (alternative text).<\/li>\n\n\n\n<li><strong>Keyboard navigation:<\/strong>\u00a0Ensure that all functions are accessible without the need to use a mouse.<\/li>\n\n\n\n<li><strong>Color contrast:<\/strong>\u00a0Maintain a clean design with light blues and whites for easy reading.<\/li>\n\n\n\n<li><strong>Clear structure:<\/strong>\u00a0Use of hierarchical headings for better organization of information.<\/li>\n<\/ul>\n\n\n\n<h3 class=\"wp-block-heading\" id=\"h-exencion-de-responsabilidad\"><strong>Disclaimer<\/strong><\/h3>\n\n\n\n<p>In&nbsp;<strong>New Dental Care<\/strong>, We continue our efforts to constantly improve the accessibility of our site. Despite our attempts to make all pages fully accessible, some content may not yet fully meet the strictest standards due to current technological limitations.<\/p>\n\n\n\n<h3 class=\"wp-block-heading\" id=\"h-estamos-aqui-para-ayudarle\"><strong>We are here to help you.<\/strong><\/h3>\n\n\n\n<p>If you are having difficulty with any content on our website or need assistance with any part of our site, please contact us and we will be happy to help.<\/p>\n\n\n\n<p><strong>Contact information:<\/strong><\/p>\n\n\n\n<ul class=\"wp-block-list\">\n<li><strong>Phone:<\/strong>\u00a0305.649.9443<\/li>\n\n\n\n<li><strong>Address:<\/strong>\u00a01250 SW 27 Av, Miami, FL 33135<\/li>\n\n\n\n<li><strong>Email:<\/strong>\u00a0info@newdentalcaremiami.com<\/li>\n<\/ul>","protected":false},"excerpt":{"rendered":"<p>Nuestro Compromiso En&nbsp;New Dental Care, nos esforzamos por garantizar que nuestros servicios sean accesibles para todas las personas, incluidas aquellas con discapacidades. Hemos invertido recursos para asegurar que nuestro sitio web sea m\u00e1s f\u00e1cil de usar y accesible, con la firme convicci\u00f3n de que cada persona tiene el derecho de vivir con dignidad, igualdad y&#8230;<\/p>","protected":false},"author":1,"featured_media":0,"parent":0,"menu_order":0,"comment_status":"closed","ping_status":"closed","template":"","meta":{"_acf_changed":false,"footnotes":""},"class_list":["post-36820","page","type-page","status-publish","hentry"],"acf":[],"yoast_head":"<!-- This site is optimized with the Yoast SEO Premium plugin v23.8 (Yoast SEO v27.2) - https:\/\/yoast.com\/product\/yoast-seo-premium-wordpress\/ -->\n<title>Declaraci\u00f3n de Accesibilidad | New Dental Care Miami<\/title>\n<meta name=\"description\" content=\"En New Dental Care nos comprometemos a que nuestra web sea accesible para todos. Conozca nuestra declaraci\u00f3n de accesibilidad para newdentalcaremiami.com.\" \/>\n<meta name=\"robots\" content=\"index, follow, max-snippet:-1, max-image-preview:large, max-video-preview:-1\" \/>\n<link rel=\"canonical\" href=\"https:\/\/newdentalcaremiami.com\/en\/accessibility-statement\/\" \/>\n<meta property=\"og:locale\" content=\"en_US\" \/>\n<meta property=\"og:type\" content=\"article\" \/>\n<meta property=\"og:title\" content=\"Declaraci\u00f3n de Accesibilidad de New Dental Care\" \/>\n<meta property=\"og:description\" content=\"En New Dental Care nos comprometemos a que nuestra web sea accesible para todos. Conozca nuestra declaraci\u00f3n de accesibilidad para newdentalcaremiami.com.\" \/>\n<meta property=\"og:url\" content=\"https:\/\/newdentalcaremiami.com\/en\/accessibility-statement\/\" \/>\n<meta property=\"og:site_name\" content=\"newdentalcaremiami.com\" \/>\n<meta property=\"article:modified_time\" content=\"2026-02-07T18:43:46+00:00\" \/>\n<meta name=\"twitter:card\" content=\"summary_large_image\" \/>\n<meta name=\"twitter:label1\" content=\"Est. reading time\" \/>\n\t<meta name=\"twitter:data1\" content=\"2 minutes\" \/>\n<script type=\"application\/ld+json\" class=\"yoast-schema-graph\">{\"@context\":\"https:\/\/schema.org\",\"@graph\":[{\"@type\":\"WebPage\",\"@id\":\"https:\/\/newdentalcaremiami.com\/declaracion-de-accesibilidad\/\",\"url\":\"https:\/\/newdentalcaremiami.com\/declaracion-de-accesibilidad\/\",\"name\":\"Declaraci\u00f3n de Accesibilidad | New Dental Care Miami\",\"isPartOf\":{\"@id\":\"https:\/\/newdentalcaremiami.com\/#website\"},\"datePublished\":\"2026-02-07T18:43:45+00:00\",\"dateModified\":\"2026-02-07T18:43:46+00:00\",\"description\":\"En New Dental Care nos comprometemos a que nuestra web sea accesible para todos. Conozca nuestra declaraci\u00f3n de accesibilidad para newdentalcaremiami.com.\",\"breadcrumb\":{\"@id\":\"https:\/\/newdentalcaremiami.com\/declaracion-de-accesibilidad\/#breadcrumb\"},\"inLanguage\":\"en-US\",\"potentialAction\":[{\"@type\":\"ReadAction\",\"target\":[\"https:\/\/newdentalcaremiami.com\/declaracion-de-accesibilidad\/\"]}]},{\"@type\":\"BreadcrumbList\",\"@id\":\"https:\/\/newdentalcaremiami.com\/declaracion-de-accesibilidad\/#breadcrumb\",\"itemListElement\":[{\"@type\":\"ListItem\",\"position\":1,\"name\":\"Portada\",\"item\":\"https:\/\/newdentalcaremiami.com\/\"},{\"@type\":\"ListItem\",\"position\":2,\"name\":\"Declaraci\u00f3n de Accesibilidad de New Dental Care\"}]},{\"@type\":\"WebSite\",\"@id\":\"https:\/\/newdentalcaremiami.com\/#website\",\"url\":\"https:\/\/newdentalcaremiami.com\/\",\"name\":\"newdentalcaremiami.com\",\"description\":\"\",\"potentialAction\":[{\"@type\":\"SearchAction\",\"target\":{\"@type\":\"EntryPoint\",\"urlTemplate\":\"https:\/\/newdentalcaremiami.com\/?s={search_term_string}\"},\"query-input\":{\"@type\":\"PropertyValueSpecification\",\"valueRequired\":true,\"valueName\":\"search_term_string\"}}],\"inLanguage\":\"en-US\"}]}<\/script>\n<!-- \/ Yoast SEO Premium plugin. -->","yoast_head_json":{"title":"Accessibility Statement | New Dental Care Miami","description":"At New Dental Care, we are committed to making our website accessible to everyone. See our accessibility statement for newdentalcaremiami.com.","robots":{"index":"index","follow":"follow","max-snippet":"max-snippet:-1","max-image-preview":"max-image-preview:large","max-video-preview":"max-video-preview:-1"},"canonical":"https:\/\/newdentalcaremiami.com\/en\/accessibility-statement\/","og_locale":"en_US","og_type":"article","og_title":"Declaraci\u00f3n de Accesibilidad de New Dental Care","og_description":"En New Dental Care nos comprometemos a que nuestra web sea accesible para todos. Conozca nuestra declaraci\u00f3n de accesibilidad para newdentalcaremiami.com.","og_url":"https:\/\/newdentalcaremiami.com\/en\/accessibility-statement\/","og_site_name":"newdentalcaremiami.com","article_modified_time":"2026-02-07T18:43:46+00:00","twitter_card":"summary_large_image","twitter_misc":{"Est. reading time":"2 minutes"},"schema":{"@context":"https:\/\/schema.org","@graph":[{"@type":"WebPage","@id":"https:\/\/newdentalcaremiami.com\/declaracion-de-accesibilidad\/","url":"https:\/\/newdentalcaremiami.com\/declaracion-de-accesibilidad\/","name":"Accessibility Statement | New Dental Care Miami","isPartOf":{"@id":"https:\/\/newdentalcaremiami.com\/#website"},"datePublished":"2026-02-07T18:43:45+00:00","dateModified":"2026-02-07T18:43:46+00:00","description":"At New Dental Care, we are committed to making our website accessible to everyone. See our accessibility statement for newdentalcaremiami.com.","breadcrumb":{"@id":"https:\/\/newdentalcaremiami.com\/declaracion-de-accesibilidad\/#breadcrumb"},"inLanguage":"en-US","potentialAction":[{"@type":"ReadAction","target":["https:\/\/newdentalcaremiami.com\/declaracion-de-accesibilidad\/"]}]},{"@type":"BreadcrumbList","@id":"https:\/\/newdentalcaremiami.com\/declaracion-de-accesibilidad\/#breadcrumb","itemListElement":[{"@type":"ListItem","position":1,"name":"Portada","item":"https:\/\/newdentalcaremiami.com\/"},{"@type":"ListItem","position":2,"name":"Declaraci\u00f3n de Accesibilidad de New Dental Care"}]},{"@type":"WebSite","@id":"https:\/\/newdentalcaremiami.com\/#website","url":"https:\/\/newdentalcaremiami.com\/","name":"newdentalcaremiami.com","description":"","potentialAction":[{"@type":"SearchAction","target":{"@type":"EntryPoint","urlTemplate":"https:\/\/newdentalcaremiami.com\/?s={search_term_string}"},"query-input":{"@type":"PropertyValueSpecification","valueRequired":true,"valueName":"search_term_string"}}],"inLanguage":"en-US"}]}},"_hostinger_reach_plugin_has_subscription_block":false,"_hostinger_reach_plugin_is_elementor":false,"_links":{"self":[{"href":"https:\/\/newdentalcaremiami.com\/en\/wp-json\/wp\/v2\/pages\/36820","targetHints":{"allow":["GET"]}}],"collection":[{"href":"https:\/\/newdentalcaremiami.com\/en\/wp-json\/wp\/v2\/pages"}],"about":[{"href":"https:\/\/newdentalcaremiami.com\/en\/wp-json\/wp\/v2\/types\/page"}],"author":[{"embeddable":true,"href":"https:\/\/newdentalcaremiami.com\/en\/wp-json\/wp\/v2\/users\/1"}],"replies":[{"embeddable":true,"href":"https:\/\/newdentalcaremiami.com\/en\/wp-json\/wp\/v2\/comments?post=36820"}],"version-history":[{"count":1,"href":"https:\/\/newdentalcaremiami.com\/en\/wp-json\/wp\/v2\/pages\/36820\/revisions"}],"predecessor-version":[{"id":36821,"href":"https:\/\/newdentalcaremiami.com\/en\/wp-json\/wp\/v2\/pages\/36820\/revisions\/36821"}],"wp:attachment":[{"href":"https:\/\/newdentalcaremiami.com\/en\/wp-json\/wp\/v2\/media?parent=36820"}],"curies":[{"name":"wp","href":"https:\/\/api.w.org\/{rel}","templated":true}]}}